{"id":5119,"date":"2023-06-16T10:25:41","date_gmt":"2023-06-16T08:25:41","guid":{"rendered":"https:\/\/md.borrads.com\/a-propos-de-nous\/"},"modified":"2024-03-13T16:30:33","modified_gmt":"2024-03-13T15:30:33","slug":"a-propos-de-nous","status":"publish","type":"page","link":"https:\/\/md.borrads.com\/fr\/a-propos-de-nous\/","title":{"rendered":"A propos de nous"},"content":{"rendered":"\t\t<div data-elementor-type=\"wp-page\" data-elementor-id=\"5119\" class=\"elementor elementor-5119 elementor-776\" data-elementor-post-type=\"page\">\n\t\t\t\t<div class=\"elementor-element elementor-element-349e1f0 e-flex e-con-boxed e-con e-parent\" data-id=\"349e1f0\" data-element_type=\"container\" data-e-type=\"container\" data-settings=\"{&quot;background_background&quot;:&quot;classic&quot;,&quot;jet_parallax_layout_list&quot;:[]}\">\n\t\t\t\t\t<div class=\"e-con-inner\">\n\t\t\t\t<div class=\"elementor-element elementor-element-cfa6213 elementor-widget elementor-widget-heading\" data-id=\"cfa6213\" data-element_type=\"widget\" data-e-type=\"widget\" data-widget_type=\"heading.default\">\n\t\t\t\t<div class=\"elementor-widget-container\">\n\t\t\t\t\t<h1 class=\"elementor-heading-title elementor-size-default\">A propos de nous<\/h1>\t\t\t\t<\/div>\n\t\t\t\t<\/div>\n\t\t\t\t<div class=\"elementor-element elementor-element-ac68009 elementor-widget elementor-widget-heading\" data-id=\"ac68009\" data-element_type=\"widget\" data-e-type=\"widget\" data-widget_type=\"heading.default\">\n\t\t\t\t<div class=\"elementor-widget-container\">\n\t\t\t\t\t<p class=\"elementor-heading-title elementor-size-default\">made design<\/p>\t\t\t\t<\/div>\n\t\t\t\t<\/div>\n\t\t\t\t\t<\/div>\n\t\t\t\t<\/div>\n\t\t<div class=\"elementor-element elementor-element-03dfb40 e-flex e-con-boxed e-con e-parent\" data-id=\"03dfb40\" data-element_type=\"container\" data-e-type=\"container\" data-settings=\"{&quot;background_background&quot;:&quot;classic&quot;,&quot;jet_parallax_layout_list&quot;:[]}\">\n\t\t\t\t\t<div class=\"e-con-inner\">\n\t\t\t\t<div class=\"elementor-element elementor-element-7eefae6 elementor-widget elementor-widget-heading\" data-id=\"7eefae6\" data-element_type=\"widget\" data-e-type=\"widget\" data-widget_type=\"heading.default\">\n\t\t\t\t<div class=\"elementor-widget-container\">\n\t\t\t\t\t<h2 class=\"elementor-heading-title elementor-size-default\">Notre mission<\/h2>\t\t\t\t<\/div>\n\t\t\t\t<\/div>\n\t\t\t\t<div class=\"elementor-element elementor-element-22e05ce elementor-widget elementor-widget-text-editor\" data-id=\"22e05ce\" data-element_type=\"widget\" data-e-type=\"widget\" data-widget_type=\"text-editor.default\">\n\t\t\t\t<div class=\"elementor-widget-container\">\n\t\t\t\t\t\t\t\t\t<p class=\"\">Dans le but de promouvoir le recyclage, de r\u00e9duire le bruit en offrant un confort acoustique et, en m\u00eame temps, de cr\u00e9er des pi\u00e8ces au design authentique, nous voulons transformer les espaces quotidiens en espaces de caract\u00e8re qui nous incitent \u00e0 donner le meilleur de nous-m\u00eames dans les moindres d\u00e9tails.<\/p>\n\t\t\t\t\t\t\t\t<\/div>\n\t\t\t\t<\/div>\n\t\t\t\t\t<\/div>\n\t\t\t\t<\/div>\n\t\t<div class=\"elementor-element elementor-element-d3973ae e-con-full e-flex e-con e-parent\" data-id=\"d3973ae\" data-element_type=\"container\" data-e-type=\"container\" data-settings=\"{&quot;background_background&quot;:&quot;classic&quot;,&quot;jet_parallax_layout_list&quot;:[]}\">\n\t\t<div class=\"elementor-element elementor-element-b8655ef e-con-full e-flex e-con e-child\" data-id=\"b8655ef\" data-element_type=\"container\" data-e-type=\"container\" data-settings=\"{&quot;background_background&quot;:&quot;classic&quot;,&quot;jet_parallax_layout_list&quot;:[]}\">\n\t\t\t\t<\/div>\n\t\t<div class=\"elementor-element elementor-element-f316613 e-con-full e-flex e-con e-child\" data-id=\"f316613\" data-element_type=\"container\" data-e-type=\"container\" data-settings=\"{&quot;jet_parallax_layout_list&quot;:[]}\">\n\t\t\t\t<div class=\"elementor-element elementor-element-7e3eac9 elementor-widget elementor-widget-heading\" data-id=\"7e3eac9\" data-element_type=\"widget\" data-e-type=\"widget\" data-widget_type=\"heading.default\">\n\t\t\t\t<div class=\"elementor-widget-container\">\n\t\t\t\t\t<h2 class=\"elementor-heading-title elementor-size-default\">Objectif 01<\/h2>\t\t\t\t<\/div>\n\t\t\t\t<\/div>\n\t\t\t\t<div class=\"elementor-element elementor-element-2726739 elementor-widget elementor-widget-text-editor\" data-id=\"2726739\" data-element_type=\"widget\" data-e-type=\"widget\" data-widget_type=\"text-editor.default\">\n\t\t\t\t<div class=\"elementor-widget-container\">\n\t\t\t\t\t\t\t\t\t<p>Au d\u00e9but. \u00c0 cet instant, ce moment pr\u00e9cis o\u00f9 le crayon cr\u00e9e le premier point, o\u00f9 le crayon touche le papier, \u00e0 partir de l\u00e0, il acc\u00e9l\u00e8re, tourne, va en ligne droite, tourne encore, pirouette, change de sens, fait un double saut p\u00e9rilleux et voil\u00e0 !<br \/>C&rsquo;est pourquoi nos designers commencent \u00e0 concevoir nos produits en pensant aux gens et en leur donnant cette touche sp\u00e9ciale qui fusionne la forme et la fonction.<\/p>\n<p>C&rsquo;est ce que nous faisons, nous concevons.<\/p>\n\t\t\t\t\t\t\t\t<\/div>\n\t\t\t\t<\/div>\n\t\t\t\t<\/div>\n\t\t\t\t<\/div>\n\t\t<div class=\"elementor-element elementor-element-22a5cad e-con-full e-flex e-con e-parent\" data-id=\"22a5cad\" data-element_type=\"container\" data-e-type=\"container\" data-settings=\"{&quot;background_background&quot;:&quot;classic&quot;,&quot;jet_parallax_layout_list&quot;:[]}\">\n\t\t<div class=\"elementor-element elementor-element-912a304 e-con-full e-flex e-con e-child\" data-id=\"912a304\" data-element_type=\"container\" data-e-type=\"container\" data-settings=\"{&quot;jet_parallax_layout_list&quot;:[]}\">\n\t\t\t\t<div class=\"elementor-element elementor-element-55accea elementor-widget elementor-widget-heading\" data-id=\"55accea\" data-element_type=\"widget\" data-e-type=\"widget\" data-widget_type=\"heading.default\">\n\t\t\t\t<div class=\"elementor-widget-container\">\n\t\t\t\t\t<h2 class=\"elementor-heading-title elementor-size-default\">Objectif 02<\/h2>\t\t\t\t<\/div>\n\t\t\t\t<\/div>\n\t\t\t\t<div class=\"elementor-element elementor-element-aa1b76d elementor-widget elementor-widget-text-editor\" data-id=\"aa1b76d\" data-element_type=\"widget\" data-e-type=\"widget\" data-widget_type=\"text-editor.default\">\n\t\t\t\t<div class=\"elementor-widget-container\">\n\t\t\t\t\t\t\t\t\tNous produisons une quantit\u00e9 excessive de d\u00e9chets et l&rsquo;une des fa\u00e7ons dont nous pouvons aider l&rsquo;environnement est de cr\u00e9er des stations et des bacs de recyclage pour faciliter le tri des d\u00e9chets, promouvoir le recyclage et, en m\u00eame temps, cr\u00e9er des pi\u00e8ces au design authentique, ajoutant du caract\u00e8re et de l&rsquo;esth\u00e9tique \u00e0 votre environnement.\n\nLa plan\u00e8te a besoin d&rsquo;aide ; le recyclage n&rsquo;est plus facultatif.\t\t\t\t\t\t\t\t<\/div>\n\t\t\t\t<\/div>\n\t\t\t\t<\/div>\n\t\t<div class=\"elementor-element elementor-element-96762a2 e-con-full e-flex e-con e-child\" data-id=\"96762a2\" data-element_type=\"container\" data-e-type=\"container\" data-settings=\"{&quot;background_background&quot;:&quot;classic&quot;,&quot;jet_parallax_layout_list&quot;:[]}\">\n\t\t\t\t<\/div>\n\t\t\t\t<\/div>\n\t\t<div class=\"elementor-element elementor-element-886b202 e-con-full e-flex e-con e-parent\" data-id=\"886b202\" data-element_type=\"container\" data-e-type=\"container\" data-settings=\"{&quot;background_background&quot;:&quot;classic&quot;,&quot;jet_parallax_layout_list&quot;:[]}\">\n\t\t<div class=\"elementor-element elementor-element-5f2ecd5 e-con-full e-flex e-con e-child\" data-id=\"5f2ecd5\" data-element_type=\"container\" data-e-type=\"container\" data-settings=\"{&quot;background_background&quot;:&quot;classic&quot;,&quot;jet_parallax_layout_list&quot;:[]}\">\n\t\t\t\t<\/div>\n\t\t<div class=\"elementor-element elementor-element-c61ec82 e-con-full e-flex e-con e-child\" data-id=\"c61ec82\" data-element_type=\"container\" data-e-type=\"container\" data-settings=\"{&quot;jet_parallax_layout_list&quot;:[]}\">\n\t\t\t\t<div class=\"elementor-element elementor-element-53be199 elementor-widget elementor-widget-heading\" data-id=\"53be199\" data-element_type=\"widget\" data-e-type=\"widget\" data-widget_type=\"heading.default\">\n\t\t\t\t<div class=\"elementor-widget-container\">\n\t\t\t\t\t<h2 class=\"elementor-heading-title elementor-size-default\">Objectif 03<\/h2>\t\t\t\t<\/div>\n\t\t\t\t<\/div>\n\t\t\t\t<div class=\"elementor-element elementor-element-84665a2 elementor-widget elementor-widget-text-editor\" data-id=\"84665a2\" data-element_type=\"widget\" data-e-type=\"widget\" data-widget_type=\"text-editor.default\">\n\t\t\t\t<div class=\"elementor-widget-container\">\n\t\t\t\t\t\t\t\t\t<p>Conversations, appels t\u00e9l\u00e9phoniques, bruits ambiants, nous vivons entour\u00e9s de bruits qui nous emp\u00eachent de nous concentrer au travail, \u00e0 l&rsquo;h\u00f4tel, au restaurant, etc. C&rsquo;est en pr\u00eatant attention \u00e0 cela que nous d\u00e9cidons de cr\u00e9er des produits qui contribuent \u00e0 r\u00e9duire le bruit, et de cr\u00e9er des espaces qui nous permettent de profiter de l&rsquo;un des plus beaux sons du monde : le silence.<\/p>\n\t\t\t\t\t\t\t\t<\/div>\n\t\t\t\t<\/div>\n\t\t\t\t<\/div>\n\t\t\t\t<\/div>\n\t\t<div class=\"elementor-element elementor-element-a35bc16 e-con-full e-flex e-con e-parent\" data-id=\"a35bc16\" data-element_type=\"container\" data-e-type=\"container\" data-settings=\"{&quot;background_background&quot;:&quot;classic&quot;,&quot;jet_parallax_layout_list&quot;:[]}\">\n\t\t<div class=\"elementor-element elementor-element-facb834 e-con-full e-flex e-con e-child\" data-id=\"facb834\" data-element_type=\"container\" data-e-type=\"container\" data-settings=\"{&quot;jet_parallax_layout_list&quot;:[]}\">\n\t\t\t\t<div class=\"elementor-element elementor-element-31c1ded elementor-widget elementor-widget-heading\" data-id=\"31c1ded\" data-element_type=\"widget\" data-e-type=\"widget\" data-widget_type=\"heading.default\">\n\t\t\t\t<div class=\"elementor-widget-container\">\n\t\t\t\t\t<h2 class=\"elementor-heading-title elementor-size-default\">Objectif 04<\/h2>\t\t\t\t<\/div>\n\t\t\t\t<\/div>\n\t\t\t\t<div class=\"elementor-element elementor-element-d9294a2 elementor-widget elementor-widget-text-editor\" data-id=\"d9294a2\" data-element_type=\"widget\" data-e-type=\"widget\" data-widget_type=\"text-editor.default\">\n\t\t\t\t<div class=\"elementor-widget-container\">\n\t\t\t\t\t\t\t\t\t<p>Nous recevons de nombreuses demandes de personnalisation de nos produits afin de les int\u00e9grer \u00e0 l&rsquo;image de marque de votre entreprise, qu&rsquo;il s&rsquo;agisse d&rsquo;une couleur sp\u00e9cifique, de l&rsquo;insertion d&rsquo;un logo, d&rsquo;une modification de la taille, d&rsquo;un changement de format pour r\u00e9pondre aux besoins sp\u00e9cifiques de l&rsquo;\u00e9quipement de nettoyage, etc.<\/p>\n<p>C&rsquo;est notre fa\u00e7on de rendre nos produits encore plus uniques.<\/p>\n\t\t\t\t\t\t\t\t<\/div>\n\t\t\t\t<\/div>\n\t\t\t\t<\/div>\n\t\t<div class=\"elementor-element elementor-element-d461a67 e-con-full e-flex e-con e-child\" data-id=\"d461a67\" data-element_type=\"container\" data-e-type=\"container\" data-settings=\"{&quot;background_background&quot;:&quot;classic&quot;,&quot;jet_parallax_layout_list&quot;:[]}\">\n\t\t\t\t<\/div>\n\t\t\t\t<\/div>\n\t\t<div class=\"elementor-element elementor-element-273e55b e-flex e-con-boxed e-con e-parent\" data-id=\"273e55b\" data-element_type=\"container\" data-e-type=\"container\" data-settings=\"{&quot;jet_parallax_layout_list&quot;:[]}\">\n\t\t\t\t\t<div class=\"e-con-inner\">\n\t\t\t\t<div class=\"elementor-element elementor-element-bf24122 elementor-widget elementor-widget-heading\" data-id=\"bf24122\" data-element_type=\"widget\" data-e-type=\"widget\" data-widget_type=\"heading.default\">\n\t\t\t\t<div class=\"elementor-widget-container\">\n\t\t\t\t\t<h2 class=\"elementor-heading-title elementor-size-default\">Notre histoire<\/h2>\t\t\t\t<\/div>\n\t\t\t\t<\/div>\n\t\t\t\t<div class=\"elementor-element elementor-element-704ad92 elementor-widget elementor-widget-text-editor\" data-id=\"704ad92\" data-element_type=\"widget\" data-e-type=\"widget\" data-widget_type=\"text-editor.default\">\n\t\t\t\t<div class=\"elementor-widget-container\">\n\t\t\t\t\t\t\t\t\t<p class=\"\">Made Design est n\u00e9e en 2010 comme une marque d&rsquo;accessoires d\u00e9coratifs de design pour couvrir diff\u00e9rents besoins dans les environnements de travail, les espaces publics ou m\u00eame l&rsquo;habitat avec un d\u00e9nominateur commun : garder tous ces espaces bien rang\u00e9s.<\/p>\n<p class=\"\">Toutes nos solutions ont \u00e9t\u00e9 cr\u00e9\u00e9es par des designers de renom, ce qui est devenu notre plus grande valeur ajout\u00e9e. Les syst\u00e8mes de recyclage, les porte-manteaux, les tableaux design ou les pupitres font partie des mod\u00e8les les plus vendus dans plus de 50 pays.<\/p>\n<p class=\"\">Made Design fait partie du groupe Planning Sisplamo, une entreprise qui a plus de 50 ans d&rsquo;exp\u00e9rience dans la fabrication et la distribution d&rsquo;\u00e9quipements et d&rsquo;accessoires de bureau et de collectivit\u00e9.<\/p>\n<p>En 2019, Made Design pr\u00e9sente une nouvelle identit\u00e9 de marque, r\u00e9affirmant son engagement en faveur de l&rsquo;excellence et de la cr\u00e9ativit\u00e9.&nbsp;<\/p>\n<p>Mais son \u00e9volution ne s&rsquo;arr\u00eate pas l\u00e0. Malgr\u00e9 les d\u00e9fis pos\u00e9s par la pand\u00e9mie, elle a continu\u00e9 \u00e0 se concentrer sur le d\u00e9veloppement et l&rsquo;am\u00e9lioration constante de ses produits.&nbsp;<\/p><p>Dans l&rsquo;adversit\u00e9, il a d\u00e9montr\u00e9 sa r\u00e9silience et son engagement \u00e0 fournir des solutions qui ne sont pas seulement esth\u00e9tiques, mais qui ajoutent de la valeur et enrichissent les projets dans lesquels il est impliqu\u00e9.<\/p>\n<p class=\"\">Nous esp\u00e9rons que vous appr\u00e9cierez nos cr\u00e9ations !<\/p>\n<p class=\"\">\n<\/p>\t\t\t\t\t\t\t\t<\/div>\n\t\t\t\t<\/div>\n\t\t\t\t\t<\/div>\n\t\t\t\t<\/div>\n\t\t\t\t<\/div>\n\t\t","protected":false},"excerpt":{"rendered":"<p>A propos de nous made design Notre mission Dans le but de promouvoir le recyclage, de r\u00e9duire le bruit en offrant un confort acoustique et, en m\u00eame temps, de cr\u00e9er des pi\u00e8ces au design authentique, nous voulons transformer les espaces quotidiens en espaces de caract\u00e8re qui nous incitent \u00e0 donner le meilleur de nous-m\u00eames dans [&hellip;]<\/p>\n","protected":false},"author":2,"featured_media":0,"parent":0,"menu_order":0,"comment_status":"closed","ping_status":"closed","template":"elementor_header_footer","meta":{"footnotes":""},"class_list":["post-5119","page","type-page","status-publish","hentry"],"_links":{"self":[{"href":"https:\/\/md.borrads.com\/fr\/wp-json\/wp\/v2\/pages\/5119","targetHints":{"allow":["GET"]}}],"collection":[{"href":"https:\/\/md.borrads.com\/fr\/wp-json\/wp\/v2\/pages"}],"about":[{"href":"https:\/\/md.borrads.com\/fr\/wp-json\/wp\/v2\/types\/page"}],"author":[{"embeddable":true,"href":"https:\/\/md.borrads.com\/fr\/wp-json\/wp\/v2\/users\/2"}],"replies":[{"embeddable":true,"href":"https:\/\/md.borrads.com\/fr\/wp-json\/wp\/v2\/comments?post=5119"}],"version-history":[{"count":0,"href":"https:\/\/md.borrads.com\/fr\/wp-json\/wp\/v2\/pages\/5119\/revisions"}],"wp:attachment":[{"href":"https:\/\/md.borrads.com\/fr\/wp-json\/wp\/v2\/media?parent=5119"}],"curies":[{"name":"wp","href":"https:\/\/api.w.org\/{rel}","templated":true}]}}