{"id":8287,"date":"2023-10-17T17:59:33","date_gmt":"2023-10-17T15:59:33","guid":{"rendered":"https:\/\/md.borrads.com\/declaration-daccessibilite\/"},"modified":"2025-09-24T23:00:28","modified_gmt":"2025-09-24T21:00:28","slug":"declaration-daccessibilite","status":"publish","type":"page","link":"https:\/\/md.borrads.com\/fr\/declaration-daccessibilite\/","title":{"rendered":"D\u00e9claration d&rsquo;accessibilit\u00e9"},"content":{"rendered":"\n<p>Made Design 1967 S.L. s\u2019engage \u00e0 rendre ses sites web accessibles conform\u00e9ment au d\u00e9cret royal 1112\/2018 du 7 septembre, relatif \u00e0 l\u2019accessibilit\u00e9 des sites web et des applications pour appareils mobiles du secteur public (ci-apr\u00e8s, d\u00e9cret royal 1112\/2018 du 7 septembre).<\/p>\n\n<p>La pr\u00e9sente d\u00e9claration d\u2019accessibilit\u00e9 s\u2019applique au site web <a href=\"https:\/\/md.borrads.com\">https:\/\/madedesign.es<\/a> (les sous-domaines de ce site web auront leurs propres d\u00e9clarations d\u2019accessibilit\u00e9).<\/p>\n\n<p><strong>\u00c9tat de conformit\u00e9<\/strong><\/p>\n\n<p>Ce site web est partiellement conforme au d\u00e9cret royal 1112\/2018, du 7 septembre, en raison de la non-conformit\u00e9 des aspects suivants.<\/p>\n\n<p><strong>Contenu non accessible<\/strong><\/p>\n\n<p>Le contenu ci-dessous n&rsquo;est pas accessible pour les raisons suivantes :<\/p>\n\n<ul class=\"wp-block-list\">\n<li>Non-conformit\u00e9 au d\u00e9cret royal 1112\/2018 du 7 septembre : il peut y avoir des erreurs d&rsquo;\u00e9dition occasionnelles sur certaines pages web, \u00e0 la fois dans le contenu HTML et dans les documents finaux, publi\u00e9s apr\u00e8s le 20 septembre 2018. En particulier, des erreurs peuvent se produire dans les documents contenant des graphiques, des tableaux complexes ou sign\u00e9s \u00e9lectroniquement avant l&rsquo;examen de l&rsquo;accessibilit\u00e9.<\/li>\n\n\n\n<li>Charge disproportionn\u00e9e : sans objet.<\/li>\n\n\n\n<li>Le contenu n&rsquo;entre pas dans le champ d&rsquo;application de la l\u00e9gislation applicable : il existe des fichiers bureautiques au format PDF ou dans d&rsquo;autres formats publi\u00e9s avant le 20 septembre 2018 qui ne sont pas enti\u00e8rement conformes \u00e0 toutes les exigences en mati\u00e8re d&rsquo;accessibilit\u00e9. Il peut \u00e9galement s&rsquo;agir de contenus produits par des tiers qui ne sont pas financ\u00e9s, d\u00e9velopp\u00e9s ou contr\u00f4l\u00e9s par la partie responsable de ce site web.<\/li>\n<\/ul>\n\n<p><strong>Pr\u00e9paration de la pr\u00e9sente d\u00e9claration d&rsquo;accessibilit\u00e9<\/strong><\/p>\n\n<p>Cette d\u00e9claration a \u00e9t\u00e9 pr\u00e9par\u00e9e le 13 octobre 2023.<\/p>\n\n<p>La m\u00e9thode utilis\u00e9e pour pr\u00e9parer la d\u00e9claration \u00e9tait une auto-\u00e9valuation r\u00e9alis\u00e9e par l&rsquo;entreprise elle-m\u00eame.<\/p>\n\n<p>Derni\u00e8re r\u00e9vision de la d\u00e9claration : 17 octobre 2023.<\/p>\n\n<p><strong>Remarques et coordonn\u00e9es<\/strong><\/p>\n\n<p>Vous pouvez pr\u00e9senter des observations sur les exigences en mati\u00e8re d&rsquo;accessibilit\u00e9, par exemple :<\/p>\n\n<ul class=\"wp-block-list\">\n<li>Pour signaler tout manquement \u00e9ventuel \u00e0 la r\u00e9glementation de ce site web.<\/li>\n\n\n\n<li>Transmettre d&rsquo;autres difficult\u00e9s d&rsquo;acc\u00e8s au contenu.<\/li>\n\n\n\n<li>de formuler toute autre demande ou suggestion d&rsquo;am\u00e9lioration concernant l&rsquo;accessibilit\u00e9 du site web.<\/li>\n<\/ul>\n\n<p>Par les canaux suivants :<\/p>\n\n<p>Adresse \u00e9lectronique : <strong>digital@planningsisplamo.com<\/strong><br\/>T\u00e9l\u00e9phones : <strong>(+34) 93 561 65 95<\/strong><\/p>\n\n<p>Vous pouvez \u00e9galement demander des informations dans un format accessible qui n&rsquo;est pas conforme aux exigences d&rsquo;accessibilit\u00e9 ou d\u00e9poser une plainte pour non-respect des exigences d&rsquo;accessibilit\u00e9.<\/p>\n\n<p>Les communications, les demandes d&rsquo;informations accessibles et les plaintes doivent \u00eatre adress\u00e9es au d\u00e9partement DIGITAL du Planning.<\/p>\n\n<p><strong>Proc\u00e9dure de candidature<\/strong><\/p>\n\n<p>Cette proc\u00e9dure vous permet de d\u00e9poser une plainte pour conna\u00eetre et contester les raisons du rejet d&rsquo;une demande d&rsquo;informations accessibles ou d&rsquo;une plainte.<\/p>\n\n<p><strong>Contenu optionnel<\/strong><\/p>\n\n<p>La version actuellement visible de ce site web est dat\u00e9e du 17 octobre 2023 et le niveau d&rsquo;accessibilit\u00e9 actuel a \u00e9t\u00e9 revu \u00e0 cette date.<\/p>\n\n<p>Depuis cette date, des examens partiels des contenus web nouveaux ou modifi\u00e9s sont effectu\u00e9s quotidiennement afin de s&rsquo;assurer de leur conformit\u00e9 aux exigences d&rsquo;accessibilit\u00e9.<\/p>\n\n<p><\/p>\n","protected":false},"excerpt":{"rendered":"<p>Made Design 1967 S.L. s\u2019engage \u00e0 rendre ses sites web accessibles conform\u00e9ment au d\u00e9cret royal 1112\/2018 du 7 septembre, relatif \u00e0 l\u2019accessibilit\u00e9 des sites web et des applications pour appareils mobiles du secteur public (ci-apr\u00e8s, d\u00e9cret royal 1112\/2018 du 7 septembre). La pr\u00e9sente d\u00e9claration d\u2019accessibilit\u00e9 s\u2019applique au site web https:\/\/madedesign.es (les sous-domaines de ce site [&hellip;]<\/p>\n","protected":false},"author":2,"featured_media":0,"parent":0,"menu_order":0,"comment_status":"closed","ping_status":"closed","template":"","meta":{"footnotes":""},"class_list":["post-8287","page","type-page","status-publish","hentry"],"_links":{"self":[{"href":"https:\/\/md.borrads.com\/fr\/wp-json\/wp\/v2\/pages\/8287","targetHints":{"allow":["GET"]}}],"collection":[{"href":"https:\/\/md.borrads.com\/fr\/wp-json\/wp\/v2\/pages"}],"about":[{"href":"https:\/\/md.borrads.com\/fr\/wp-json\/wp\/v2\/types\/page"}],"author":[{"embeddable":true,"href":"https:\/\/md.borrads.com\/fr\/wp-json\/wp\/v2\/users\/2"}],"replies":[{"embeddable":true,"href":"https:\/\/md.borrads.com\/fr\/wp-json\/wp\/v2\/comments?post=8287"}],"version-history":[{"count":2,"href":"https:\/\/md.borrads.com\/fr\/wp-json\/wp\/v2\/pages\/8287\/revisions"}],"predecessor-version":[{"id":10940,"href":"https:\/\/md.borrads.com\/fr\/wp-json\/wp\/v2\/pages\/8287\/revisions\/10940"}],"wp:attachment":[{"href":"https:\/\/md.borrads.com\/fr\/wp-json\/wp\/v2\/media?parent=8287"}],"curies":[{"name":"wp","href":"https:\/\/api.w.org\/{rel}","templated":true}]}}