{"id":5132,"date":"2023-06-16T10:25:41","date_gmt":"2023-06-16T08:25:41","guid":{"rendered":"https:\/\/md.borrads.com\/chi-siamo\/"},"modified":"2024-03-13T16:30:34","modified_gmt":"2024-03-13T15:30:34","slug":"chi-siamo","status":"publish","type":"page","link":"https:\/\/md.borrads.com\/it\/chi-siamo\/","title":{"rendered":"Chi siamo"},"content":{"rendered":"\t\t<div data-elementor-type=\"wp-page\" data-elementor-id=\"5132\" class=\"elementor elementor-5132 elementor-776\" data-elementor-post-type=\"page\">\n\t\t\t\t<div class=\"elementor-element elementor-element-349e1f0 e-flex e-con-boxed e-con e-parent\" data-id=\"349e1f0\" data-element_type=\"container\" data-e-type=\"container\" data-settings=\"{&quot;background_background&quot;:&quot;classic&quot;,&quot;jet_parallax_layout_list&quot;:[]}\">\n\t\t\t\t\t<div class=\"e-con-inner\">\n\t\t\t\t<div class=\"elementor-element elementor-element-cfa6213 elementor-widget elementor-widget-heading\" data-id=\"cfa6213\" data-element_type=\"widget\" data-e-type=\"widget\" data-widget_type=\"heading.default\">\n\t\t\t\t<div class=\"elementor-widget-container\">\n\t\t\t\t\t<h1 class=\"elementor-heading-title elementor-size-default\">Chi siamo<\/h1>\t\t\t\t<\/div>\n\t\t\t\t<\/div>\n\t\t\t\t<div class=\"elementor-element elementor-element-ac68009 elementor-widget elementor-widget-heading\" data-id=\"ac68009\" data-element_type=\"widget\" data-e-type=\"widget\" data-widget_type=\"heading.default\">\n\t\t\t\t<div class=\"elementor-widget-container\">\n\t\t\t\t\t<p class=\"elementor-heading-title elementor-size-default\">made design<\/p>\t\t\t\t<\/div>\n\t\t\t\t<\/div>\n\t\t\t\t\t<\/div>\n\t\t\t\t<\/div>\n\t\t<div class=\"elementor-element elementor-element-03dfb40 e-flex e-con-boxed e-con e-parent\" data-id=\"03dfb40\" data-element_type=\"container\" data-e-type=\"container\" data-settings=\"{&quot;background_background&quot;:&quot;classic&quot;,&quot;jet_parallax_layout_list&quot;:[]}\">\n\t\t\t\t\t<div class=\"e-con-inner\">\n\t\t\t\t<div class=\"elementor-element elementor-element-7eefae6 elementor-widget elementor-widget-heading\" data-id=\"7eefae6\" data-element_type=\"widget\" data-e-type=\"widget\" data-widget_type=\"heading.default\">\n\t\t\t\t<div class=\"elementor-widget-container\">\n\t\t\t\t\t<h2 class=\"elementor-heading-title elementor-size-default\">La nostra missione<\/h2>\t\t\t\t<\/div>\n\t\t\t\t<\/div>\n\t\t\t\t<div class=\"elementor-element elementor-element-22e05ce elementor-widget elementor-widget-text-editor\" data-id=\"22e05ce\" data-element_type=\"widget\" data-e-type=\"widget\" data-widget_type=\"text-editor.default\">\n\t\t\t\t<div class=\"elementor-widget-container\">\n\t\t\t\t\t\t\t\t\t<p class=\"\">Con l&#8217;obiettivo di promuovere il riciclaggio, ridurre il rumore fornendo un comfort acustico e, allo stesso tempo, creare pezzi dal design autentico, vogliamo trasformare gli spazi di tutti i giorni in spazi con carattere e che ci ispirino a dare il meglio di noi stessi con ogni dettaglio.<\/p>\n\t\t\t\t\t\t\t\t<\/div>\n\t\t\t\t<\/div>\n\t\t\t\t\t<\/div>\n\t\t\t\t<\/div>\n\t\t<div class=\"elementor-element elementor-element-d3973ae e-con-full e-flex e-con e-parent\" data-id=\"d3973ae\" data-element_type=\"container\" data-e-type=\"container\" data-settings=\"{&quot;background_background&quot;:&quot;classic&quot;,&quot;jet_parallax_layout_list&quot;:[]}\">\n\t\t<div class=\"elementor-element elementor-element-b8655ef e-con-full e-flex e-con e-child\" data-id=\"b8655ef\" data-element_type=\"container\" data-e-type=\"container\" data-settings=\"{&quot;background_background&quot;:&quot;classic&quot;,&quot;jet_parallax_layout_list&quot;:[]}\">\n\t\t\t\t<\/div>\n\t\t<div class=\"elementor-element elementor-element-f316613 e-con-full e-flex e-con e-child\" data-id=\"f316613\" data-element_type=\"container\" data-e-type=\"container\" data-settings=\"{&quot;jet_parallax_layout_list&quot;:[]}\">\n\t\t\t\t<div class=\"elementor-element elementor-element-7e3eac9 elementor-widget elementor-widget-heading\" data-id=\"7e3eac9\" data-element_type=\"widget\" data-e-type=\"widget\" data-widget_type=\"heading.default\">\n\t\t\t\t<div class=\"elementor-widget-container\">\n\t\t\t\t\t<h2 class=\"elementor-heading-title elementor-size-default\">Obiettivo 01<\/h2>\t\t\t\t<\/div>\n\t\t\t\t<\/div>\n\t\t\t\t<div class=\"elementor-element elementor-element-2726739 elementor-widget elementor-widget-text-editor\" data-id=\"2726739\" data-element_type=\"widget\" data-e-type=\"widget\" data-widget_type=\"text-editor.default\">\n\t\t\t\t<div class=\"elementor-widget-container\">\n\t\t\t\t\t\t\t\t\t<p>All&#8217;inizio. In quell&#8217;istante, in quel preciso momento, quando la matita crea il primo punto, quando la matita tocca la carta, da quel momento in poi accelera, gira, va in linea retta, gira ancora, fa una piroetta, cambia senso, un doppio salto mortale e voil\u00e0!<br \/>Per questo motivo, i nostri designer iniziano a progettare i nostri prodotti pensando alle persone e dando loro quel tocco speciale che fonde forma e funzione.<\/p>\n<p>\u00c8 questo che facciamo, progettiamo.<\/p>\n\t\t\t\t\t\t\t\t<\/div>\n\t\t\t\t<\/div>\n\t\t\t\t<\/div>\n\t\t\t\t<\/div>\n\t\t<div class=\"elementor-element elementor-element-22a5cad e-con-full e-flex e-con e-parent\" data-id=\"22a5cad\" data-element_type=\"container\" data-e-type=\"container\" data-settings=\"{&quot;background_background&quot;:&quot;classic&quot;,&quot;jet_parallax_layout_list&quot;:[]}\">\n\t\t<div class=\"elementor-element elementor-element-912a304 e-con-full e-flex e-con e-child\" data-id=\"912a304\" data-element_type=\"container\" data-e-type=\"container\" data-settings=\"{&quot;jet_parallax_layout_list&quot;:[]}\">\n\t\t\t\t<div class=\"elementor-element elementor-element-55accea elementor-widget elementor-widget-heading\" data-id=\"55accea\" data-element_type=\"widget\" data-e-type=\"widget\" data-widget_type=\"heading.default\">\n\t\t\t\t<div class=\"elementor-widget-container\">\n\t\t\t\t\t<h2 class=\"elementor-heading-title elementor-size-default\">Obiettivo 02<\/h2>\t\t\t\t<\/div>\n\t\t\t\t<\/div>\n\t\t\t\t<div class=\"elementor-element elementor-element-aa1b76d elementor-widget elementor-widget-text-editor\" data-id=\"aa1b76d\" data-element_type=\"widget\" data-e-type=\"widget\" data-widget_type=\"text-editor.default\">\n\t\t\t\t<div class=\"elementor-widget-container\">\n\t\t\t\t\t\t\t\t\tProduciamo una quantit\u00e0 eccessiva di rifiuti e uno dei modi in cui possiamo aiutare l&#8217;ambiente \u00e8 con le nostre stazioni di riciclaggio e i nostri bidoni per facilitare la separazione dei rifiuti, promuovere il riciclaggio e, allo stesso tempo, creare pezzi con un design autentico, aggiungendo carattere ed estetica integrati nel vostro ambiente.\n\nIl pianeta ha bisogno di aiuto; il riciclo non \u00e8 pi\u00f9 un optional.\t\t\t\t\t\t\t\t<\/div>\n\t\t\t\t<\/div>\n\t\t\t\t<\/div>\n\t\t<div class=\"elementor-element elementor-element-96762a2 e-con-full e-flex e-con e-child\" data-id=\"96762a2\" data-element_type=\"container\" data-e-type=\"container\" data-settings=\"{&quot;background_background&quot;:&quot;classic&quot;,&quot;jet_parallax_layout_list&quot;:[]}\">\n\t\t\t\t<\/div>\n\t\t\t\t<\/div>\n\t\t<div class=\"elementor-element elementor-element-886b202 e-con-full e-flex e-con e-parent\" data-id=\"886b202\" data-element_type=\"container\" data-e-type=\"container\" data-settings=\"{&quot;background_background&quot;:&quot;classic&quot;,&quot;jet_parallax_layout_list&quot;:[]}\">\n\t\t<div class=\"elementor-element elementor-element-5f2ecd5 e-con-full e-flex e-con e-child\" data-id=\"5f2ecd5\" data-element_type=\"container\" data-e-type=\"container\" data-settings=\"{&quot;background_background&quot;:&quot;classic&quot;,&quot;jet_parallax_layout_list&quot;:[]}\">\n\t\t\t\t<\/div>\n\t\t<div class=\"elementor-element elementor-element-c61ec82 e-con-full e-flex e-con e-child\" data-id=\"c61ec82\" data-element_type=\"container\" data-e-type=\"container\" data-settings=\"{&quot;jet_parallax_layout_list&quot;:[]}\">\n\t\t\t\t<div class=\"elementor-element elementor-element-53be199 elementor-widget elementor-widget-heading\" data-id=\"53be199\" data-element_type=\"widget\" data-e-type=\"widget\" data-widget_type=\"heading.default\">\n\t\t\t\t<div class=\"elementor-widget-container\">\n\t\t\t\t\t<h2 class=\"elementor-heading-title elementor-size-default\">Obiettivo 03<\/h2>\t\t\t\t<\/div>\n\t\t\t\t<\/div>\n\t\t\t\t<div class=\"elementor-element elementor-element-84665a2 elementor-widget elementor-widget-text-editor\" data-id=\"84665a2\" data-element_type=\"widget\" data-e-type=\"widget\" data-widget_type=\"text-editor.default\">\n\t\t\t\t<div class=\"elementor-widget-container\">\n\t\t\t\t\t\t\t\t\t<p>Conversazioni, telefonate, rumori ambientali, viviamo circondati da rumori che ci impediscono di concentrarci al lavoro, in albergo, al ristorante, ecc. \u00c8 proprio prestando attenzione a questo aspetto che decidiamo di creare prodotti che aiutino a ridurre il rumore e a creare spazi che ci permettano di godere di uno dei suoni pi\u00f9 belli del mondo: il silenzio.<\/p>\n\t\t\t\t\t\t\t\t<\/div>\n\t\t\t\t<\/div>\n\t\t\t\t<\/div>\n\t\t\t\t<\/div>\n\t\t<div class=\"elementor-element elementor-element-a35bc16 e-con-full e-flex e-con e-parent\" data-id=\"a35bc16\" data-element_type=\"container\" data-e-type=\"container\" data-settings=\"{&quot;background_background&quot;:&quot;classic&quot;,&quot;jet_parallax_layout_list&quot;:[]}\">\n\t\t<div class=\"elementor-element elementor-element-facb834 e-con-full e-flex e-con e-child\" data-id=\"facb834\" data-element_type=\"container\" data-e-type=\"container\" data-settings=\"{&quot;jet_parallax_layout_list&quot;:[]}\">\n\t\t\t\t<div class=\"elementor-element elementor-element-31c1ded elementor-widget elementor-widget-heading\" data-id=\"31c1ded\" data-element_type=\"widget\" data-e-type=\"widget\" data-widget_type=\"heading.default\">\n\t\t\t\t<div class=\"elementor-widget-container\">\n\t\t\t\t\t<h2 class=\"elementor-heading-title elementor-size-default\">Obiettivo 04<\/h2>\t\t\t\t<\/div>\n\t\t\t\t<\/div>\n\t\t\t\t<div class=\"elementor-element elementor-element-d9294a2 elementor-widget elementor-widget-text-editor\" data-id=\"d9294a2\" data-element_type=\"widget\" data-e-type=\"widget\" data-widget_type=\"text-editor.default\">\n\t\t\t\t<div class=\"elementor-widget-container\">\n\t\t\t\t\t\t\t\t\t<p>Abbiamo molte richieste di personalizzare i nostri prodotti e di integrarli con l&#8217;immagine aziendale; che si tratti di un colore specifico, dell&#8217;inserimento di un logo, di modifiche alle dimensioni, di cambiamenti di formato per adattarli alle esigenze specifiche del team di pulizia, ecc.<\/p>\n<p>Questo \u00e8 il nostro modo di rendere i nostri prodotti ancora pi\u00f9 unici.<\/p>\n\t\t\t\t\t\t\t\t<\/div>\n\t\t\t\t<\/div>\n\t\t\t\t<\/div>\n\t\t<div class=\"elementor-element elementor-element-d461a67 e-con-full e-flex e-con e-child\" data-id=\"d461a67\" data-element_type=\"container\" data-e-type=\"container\" data-settings=\"{&quot;background_background&quot;:&quot;classic&quot;,&quot;jet_parallax_layout_list&quot;:[]}\">\n\t\t\t\t<\/div>\n\t\t\t\t<\/div>\n\t\t<div class=\"elementor-element elementor-element-273e55b e-flex e-con-boxed e-con e-parent\" data-id=\"273e55b\" data-element_type=\"container\" data-e-type=\"container\" data-settings=\"{&quot;jet_parallax_layout_list&quot;:[]}\">\n\t\t\t\t\t<div class=\"e-con-inner\">\n\t\t\t\t<div class=\"elementor-element elementor-element-bf24122 elementor-widget elementor-widget-heading\" data-id=\"bf24122\" data-element_type=\"widget\" data-e-type=\"widget\" data-widget_type=\"heading.default\">\n\t\t\t\t<div class=\"elementor-widget-container\">\n\t\t\t\t\t<h2 class=\"elementor-heading-title elementor-size-default\">La nostra storia<\/h2>\t\t\t\t<\/div>\n\t\t\t\t<\/div>\n\t\t\t\t<div class=\"elementor-element elementor-element-704ad92 elementor-widget elementor-widget-text-editor\" data-id=\"704ad92\" data-element_type=\"widget\" data-e-type=\"widget\" data-widget_type=\"text-editor.default\">\n\t\t\t\t<div class=\"elementor-widget-container\">\n\t\t\t\t\t\t\t\t\t<p class=\"\">Made Design \u00e8 nato nel 2010 come marchio di accessori decorativi di design per coprire diverse esigenze in ambienti di lavoro, spazi pubblici o anche habitat con un comune denominatore: tenere in ordine tutti questi spazi.<\/p>\n<p class=\"\">Tutte le nostre soluzioni sono state create da designer di fama, il che \u00e8 diventato il nostro pi\u00f9 grande valore aggiunto. Sistemi di riciclaggio, appendiabiti, pannelli di design o leggii sono alcuni dei progetti pi\u00f9 venduti in oltre 50 paesi.<\/p>\n<p class=\"\">Made Design fa parte del gruppo Planning Sisplamo, un&#8217;azienda con oltre 50 anni di esperienza nella produzione e distribuzione di attrezzature e accessori per ufficio e comunit\u00e0.<\/p>\n<p>Nel 2019, Made Design presenta una nuova identit\u00e0 di marchio, riaffermando il suo impegno per l&#8217;eccellenza e la creativit\u00e0.&nbsp;<\/p>\n<p>Tuttavia, la sua evoluzione non si ferma qui. Nonostante le sfide poste dalla pandemia, l&#8217;azienda ha continuato a concentrarsi sullo sviluppo e sul costante miglioramento dei propri prodotti.&nbsp;<\/p><p>Attraverso le avversit\u00e0, ha dimostrato la sua resilienza e la sua dedizione nel fornire soluzioni che non sono solo esteticamente attraenti, ma che aggiungono valore e arricchiscono i progetti in cui \u00e8 coinvolto.<\/p>\n<p class=\"\">Ci auguriamo che i nostri disegni vi piacciano!<\/p>\n<p class=\"\">\n<\/p>\t\t\t\t\t\t\t\t<\/div>\n\t\t\t\t<\/div>\n\t\t\t\t\t<\/div>\n\t\t\t\t<\/div>\n\t\t\t\t<\/div>\n\t\t","protected":false},"excerpt":{"rendered":"<p>Chi siamo made design La nostra missione Con l&#8217;obiettivo di promuovere il riciclaggio, ridurre il rumore fornendo un comfort acustico e, allo stesso tempo, creare pezzi dal design autentico, vogliamo trasformare gli spazi di tutti i giorni in spazi con carattere e che ci ispirino a dare il meglio di noi stessi con ogni dettaglio. [&hellip;]<\/p>\n","protected":false},"author":2,"featured_media":0,"parent":0,"menu_order":0,"comment_status":"closed","ping_status":"closed","template":"elementor_header_footer","meta":{"footnotes":""},"class_list":["post-5132","page","type-page","status-publish","hentry"],"_links":{"self":[{"href":"https:\/\/md.borrads.com\/it\/wp-json\/wp\/v2\/pages\/5132","targetHints":{"allow":["GET"]}}],"collection":[{"href":"https:\/\/md.borrads.com\/it\/wp-json\/wp\/v2\/pages"}],"about":[{"href":"https:\/\/md.borrads.com\/it\/wp-json\/wp\/v2\/types\/page"}],"author":[{"embeddable":true,"href":"https:\/\/md.borrads.com\/it\/wp-json\/wp\/v2\/users\/2"}],"replies":[{"embeddable":true,"href":"https:\/\/md.borrads.com\/it\/wp-json\/wp\/v2\/comments?post=5132"}],"version-history":[{"count":0,"href":"https:\/\/md.borrads.com\/it\/wp-json\/wp\/v2\/pages\/5132\/revisions"}],"wp:attachment":[{"href":"https:\/\/md.borrads.com\/it\/wp-json\/wp\/v2\/media?parent=5132"}],"curies":[{"name":"wp","href":"https:\/\/api.w.org\/{rel}","templated":true}]}}