{"id":5186,"date":"2023-08-10T11:41:18","date_gmt":"2023-08-10T09:41:18","guid":{"rendered":"https:\/\/md.borrads.com\/contatto\/"},"modified":"2025-09-24T23:12:13","modified_gmt":"2025-09-24T21:12:13","slug":"contatto","status":"publish","type":"page","link":"https:\/\/md.borrads.com\/it\/contatto\/","title":{"rendered":"Contatto"},"content":{"rendered":"\t\t<div data-elementor-type=\"wp-page\" data-elementor-id=\"5186\" class=\"elementor elementor-5186 elementor-5175\" data-elementor-post-type=\"page\">\n\t\t\t\t<div class=\"elementor-element elementor-element-3cce639 e-flex e-con-boxed e-con e-parent\" data-id=\"3cce639\" data-element_type=\"container\" data-e-type=\"container\" data-settings=\"{&quot;background_background&quot;:&quot;classic&quot;,&quot;jet_parallax_layout_list&quot;:[]}\">\n\t\t\t\t\t<div class=\"e-con-inner\">\n\t\t<div class=\"elementor-element elementor-element-9689567 e-con-full e-flex e-con e-child\" data-id=\"9689567\" data-element_type=\"container\" data-e-type=\"container\" data-settings=\"{&quot;jet_parallax_layout_list&quot;:[]}\">\n\t\t\t\t<div class=\"elementor-element elementor-element-42a8b21 elementor-widget elementor-widget-google_maps\" data-id=\"42a8b21\" data-element_type=\"widget\" data-e-type=\"widget\" data-widget_type=\"google_maps.default\">\n\t\t\t\t<div class=\"elementor-widget-container\">\n\t\t\t\t\t\t\t<div class=\"elementor-custom-embed\">\n\t\t\t<iframe loading=\"lazy\"\n\t\t\t\t\tsrc=\"https:\/\/maps.google.com\/maps?q=planning%20sisplamo&#038;t=m&#038;z=15&#038;output=embed&#038;iwloc=near\"\n\t\t\t\t\ttitle=\"planning sisplamo\"\n\t\t\t\t\taria-label=\"planning sisplamo\"\n\t\t\t><\/iframe>\n\t\t<\/div>\n\t\t\t\t\t\t<\/div>\n\t\t\t\t<\/div>\n\t\t\t\t<\/div>\n\t\t<div class=\"elementor-element elementor-element-9f05f34 e-con-full e-flex e-con e-child\" data-id=\"9f05f34\" data-element_type=\"container\" data-e-type=\"container\" data-settings=\"{&quot;jet_parallax_layout_list&quot;:[]}\">\n\t\t\t\t<div class=\"elementor-element elementor-element-5ad6d0d elementor-widget elementor-widget-heading\" data-id=\"5ad6d0d\" data-element_type=\"widget\" data-e-type=\"widget\" data-widget_type=\"heading.default\">\n\t\t\t\t<div class=\"elementor-widget-container\">\n\t\t\t\t\t<h1 class=\"elementor-heading-title elementor-size-default\">Contatto<\/h1>\t\t\t\t<\/div>\n\t\t\t\t<\/div>\n\t\t\t\t<div class=\"elementor-element elementor-element-a99ab20 elementor-widget elementor-widget-text-editor\" data-id=\"a99ab20\" data-element_type=\"widget\" data-e-type=\"widget\" data-widget_type=\"text-editor.default\">\n\t\t\t\t<div class=\"elementor-widget-container\">\n\t\t\t\t\t\t\t\t\t<p>Compilate il modulo e sarete contattati entro 48 ore.<\/p>\t\t\t\t\t\t\t\t<\/div>\n\t\t\t\t<\/div>\n\t\t\t\t<div class=\"elementor-element elementor-element-9dc0e89 elementor-button-align-stretch elementor-widget elementor-widget-form\" data-id=\"9dc0e89\" data-element_type=\"widget\" data-e-type=\"widget\" data-settings=\"{&quot;step_next_label&quot;:&quot;Avanti&quot;,&quot;step_previous_label&quot;:&quot;Precedente&quot;,&quot;button_width&quot;:&quot;100&quot;,&quot;step_type&quot;:&quot;number_text&quot;,&quot;step_icon_shape&quot;:&quot;circle&quot;}\" data-widget_type=\"form.default\">\n\t\t\t\t<div class=\"elementor-widget-container\">\n\t\t\t\t\t\t\t<form class=\"elementor-form\" method=\"post\" name=\"Contatto\" aria-label=\"Contatto\">\n\t\t\t<input type=\"hidden\" name=\"post_id\" value=\"5186\"\/>\n\t\t\t<input type=\"hidden\" name=\"form_id\" value=\"9dc0e89\"\/>\n\t\t\t<input type=\"hidden\" name=\"referer_title\" value=\"Contatto - Made Design\" \/>\n\n\t\t\t\t\t\t\t<input type=\"hidden\" name=\"queried_id\" value=\"5186\"\/>\n\t\t\t\n\t\t\t<div class=\"elementor-form-fields-wrapper elementor-labels-\">\n\t\t\t\t\t\t\t\t<div class=\"elementor-field-type-text elementor-field-group elementor-column elementor-field-group-name elementor-col-100\">\n\t\t\t\t\t\t\t\t\t\t\t\t<label for=\"form-field-name\" class=\"elementor-field-label elementor-screen-only\">\n\t\t\t\t\t\t\t\tNome\t\t\t\t\t\t\t<\/label>\n\t\t\t\t\t\t\t\t\t\t\t\t\t\t<input size=\"1\" type=\"text\" name=\"form_fields[name]\" id=\"form-field-name\" class=\"elementor-field elementor-size-md  elementor-field-textual\" placeholder=\"Nome\">\n\t\t\t\t\t\t\t\t\t\t\t<\/div>\n\t\t\t\t\t\t\t\t<div class=\"elementor-field-type-email elementor-field-group elementor-column elementor-field-group-email elementor-col-100 elementor-field-required\">\n\t\t\t\t\t\t\t\t\t\t\t\t<label for=\"form-field-email\" class=\"elementor-field-label elementor-screen-only\">\n\t\t\t\t\t\t\t\tIndirizzo e-mail\t\t\t\t\t\t\t<\/label>\n\t\t\t\t\t\t\t\t\t\t\t\t\t\t<input size=\"1\" type=\"email\" name=\"form_fields[email]\" id=\"form-field-email\" class=\"elementor-field elementor-size-md  elementor-field-textual\" placeholder=\"Indirizzo e-mail\" required=\"required\">\n\t\t\t\t\t\t\t\t\t\t\t<\/div>\n\t\t\t\t\t\t\t\t<div class=\"elementor-field-type-tel elementor-field-group elementor-column elementor-field-group-tel elementor-col-100 elementor-field-required\">\n\t\t\t\t\t\t\t\t\t\t\t\t<label for=\"form-field-tel\" class=\"elementor-field-label elementor-screen-only\">\n\t\t\t\t\t\t\t\tTelefono\t\t\t\t\t\t\t<\/label>\n\t\t\t\t\t\t\t\t<input size=\"1\" type=\"tel\" name=\"form_fields[tel]\" id=\"form-field-tel\" class=\"elementor-field elementor-size-md  elementor-field-textual\" placeholder=\"Telefono\" required=\"required\" pattern=\"[0-9()#&amp;+*-=.]+\" title=\"Sono accettati solo numeri e caratteri telefonici (#, -, *, ecc.).\">\n\n\t\t\t\t\t\t<\/div>\n\t\t\t\t\t\t\t\t<div class=\"elementor-field-type-textarea elementor-field-group elementor-column elementor-field-group-message elementor-col-100\">\n\t\t\t\t\t\t\t\t\t\t\t\t<label for=\"form-field-message\" class=\"elementor-field-label elementor-screen-only\">\n\t\t\t\t\t\t\t\tMessaggio\t\t\t\t\t\t\t<\/label>\n\t\t\t\t\t\t<textarea class=\"elementor-field-textual elementor-field  elementor-size-md\" name=\"form_fields[message]\" id=\"form-field-message\" rows=\"4\" placeholder=\"Come possiamo aiutarvi?\"><\/textarea>\t\t\t\t<\/div>\n\t\t\t\t\t\t\t\t<div class=\"elementor-field-group elementor-column elementor-field-type-submit elementor-col-100 e-form__buttons\">\n\t\t\t\t\t<button class=\"elementor-button elementor-size-lg\" type=\"submit\">\n\t\t\t\t\t\t<span class=\"elementor-button-content-wrapper\">\n\t\t\t\t\t\t\t\t\t\t\t\t\t\t\t\t\t\t\t\t\t\t<span class=\"elementor-button-text\">Invia la richiesta<\/span>\n\t\t\t\t\t\t\t\t\t\t\t\t\t<\/span>\n\t\t\t\t\t<\/button>\n\t\t\t\t<\/div>\n\t\t\t<\/div>\n\t\t<\/form>\n\t\t\t\t\t\t<\/div>\n\t\t\t\t<\/div>\n\t\t\t\t<\/div>\n\t\t\t\t\t<\/div>\n\t\t\t\t<\/div>\n\t\t<div class=\"elementor-element elementor-element-40406e7 e-flex e-con-boxed e-con e-parent\" data-id=\"40406e7\" data-element_type=\"container\" data-e-type=\"container\" data-settings=\"{&quot;background_background&quot;:&quot;classic&quot;,&quot;jet_parallax_layout_list&quot;:[]}\">\n\t\t\t\t\t<div class=\"e-con-inner\">\n\t\t<div class=\"elementor-element elementor-element-e9fd39a e-con-full e-flex e-con e-child\" data-id=\"e9fd39a\" data-element_type=\"container\" data-e-type=\"container\" data-settings=\"{&quot;jet_parallax_layout_list&quot;:[]}\">\n\t\t\t\t<div class=\"elementor-element elementor-element-2b92a0f elementor-widget elementor-widget-image\" data-id=\"2b92a0f\" data-element_type=\"widget\" data-e-type=\"widget\" data-widget_type=\"image.default\">\n\t\t\t\t<div class=\"elementor-widget-container\">\n\t\t\t\t\t\t\t\t\t\t\t\t\t\t\t<img fetchpriority=\"high\" decoding=\"async\" width=\"750\" height=\"1000\" src=\"https:\/\/md.borrads.com\/wp-content\/uploads\/historia.jpeg\" class=\"attachment-large size-large wp-image-2738\" alt=\"\" srcset=\"https:\/\/md.borrads.com\/wp-content\/uploads\/historia.jpeg 750w, https:\/\/md.borrads.com\/wp-content\/uploads\/historia-225x300.jpeg 225w\" sizes=\"(max-width: 750px) 100vw, 750px\" \/>\t\t\t\t\t\t\t\t\t\t\t\t\t\t\t<\/div>\n\t\t\t\t<\/div>\n\t\t\t\t<\/div>\n\t\t<div class=\"elementor-element elementor-element-62f97f7 e-con-full e-flex e-con e-child\" data-id=\"62f97f7\" data-element_type=\"container\" data-e-type=\"container\" data-settings=\"{&quot;jet_parallax_layout_list&quot;:[]}\">\n\t\t\t\t<div class=\"elementor-element elementor-element-583ec01 elementor-widget elementor-widget-heading\" data-id=\"583ec01\" data-element_type=\"widget\" data-e-type=\"widget\" data-widget_type=\"heading.default\">\n\t\t\t\t<div class=\"elementor-widget-container\">\n\t\t\t\t\t<h1 class=\"elementor-heading-title elementor-size-default\">Uffici<\/h1>\t\t\t\t<\/div>\n\t\t\t\t<\/div>\n\t\t\t\t<div class=\"elementor-element elementor-element-e93c43a elementor-widget elementor-widget-text-editor\" data-id=\"e93c43a\" data-element_type=\"widget\" data-e-type=\"widget\" data-widget_type=\"text-editor.default\">\n\t\t\t\t<div class=\"elementor-widget-container\">\n\t\t\t\t\t\t\t\t\t<p>SPAGNA &#8211; Uffici e fabbrica<\/p><p><b><i>Made Design 1967 S.L.<\/i><\/b><br>Pol\u00edgono Industrial Pla d\u2019en Coll<br>Cam\u00ed de la Font Freda n\u00ba 17 \u2013 Nave 4<br>08110 Montcada i Reixac (BARCELLONA)<br>Spagna<\/p>\t\t\t\t\t\t\t\t<\/div>\n\t\t\t\t<\/div>\n\t\t\t\t<div class=\"elementor-element elementor-element-9ce3e4a elementor-widget__width-initial elementor-widget elementor-widget-text-editor\" data-id=\"9ce3e4a\" data-element_type=\"widget\" data-e-type=\"widget\" data-widget_type=\"text-editor.default\">\n\t\t\t\t<div class=\"elementor-widget-container\">\n\t\t\t\t\t\t\t\t\t<p style=\"text-align: left;\">COLOMBIA &#8211; Fabbrica<\/p><p style=\"text-align: left;\"><strong>PS Latam<\/strong><br>Parque Industrial Terrapuerto Km 1.5<br>Via Cota-Siberia, Bodega 24<br>Bogot\u00e1<\/p><p style=\"text-align: left;\">SHOWROOM &#8211; cl 69 #10-02 Bogot\u00e0<\/p>\t\t\t\t\t\t\t\t<\/div>\n\t\t\t\t<\/div>\n\t\t\t\t<div class=\"elementor-element elementor-element-ea430fa elementor-widget elementor-widget-heading\" data-id=\"ea430fa\" data-element_type=\"widget\" data-e-type=\"widget\" data-widget_type=\"heading.default\">\n\t\t\t\t<div class=\"elementor-widget-container\">\n\t\t\t\t\t<h1 class=\"elementor-heading-title elementor-size-default\">Contatto<\/h1>\t\t\t\t<\/div>\n\t\t\t\t<\/div>\n\t\t\t\t<div class=\"elementor-element elementor-element-f5072c9 elementor-widget elementor-widget-text-editor\" data-id=\"f5072c9\" data-element_type=\"widget\" data-e-type=\"widget\" data-widget_type=\"text-editor.default\">\n\t\t\t\t<div class=\"elementor-widget-container\">\n\t\t\t\t\t\t\t\t\t<p class=\"\">T. (+34) 93 561 65 95<br>digital@planningsisplamo.com<\/p><p class=\"\"><strong>Orario di lavoro<\/strong><br>Da luned\u00ec a gioved\u00ec: 8:30 &#8211; 13:30 e 14:30 &#8211; 17:30<br>Venerd\u00ec: 8:00 &#8211; 15:00<\/p><p class=\"\"><br><strong><em>Luglio e agosto: 8:00 &#8211; 15:00<br>Chiuso per ferie: dal 14 al 27 agosto.<\/em><\/strong><\/p>\t\t\t\t\t\t\t\t<\/div>\n\t\t\t\t<\/div>\n\t\t\t\t<\/div>\n\t\t\t\t\t<\/div>\n\t\t\t\t<\/div>\n\t\t\t\t<\/div>\n\t\t","protected":false},"excerpt":{"rendered":"<p>Compilate il modulo e sarete contattati entro 48 ore. Uffici SPAGNA &#8211; Uffici e fabbrica Made Design 1967 S.L.Pol\u00edgono Industrial Pla d\u2019en CollCam\u00ed de la Font Freda n\u00ba 17 \u2013 Nave 408110 Montcada i Reixac (BARCELLONA)Spagna COLOMBIA &#8211; Fabbrica PS LatamParque Industrial Terrapuerto Km 1.5Via Cota-Siberia, Bodega 24Bogot\u00e1 SHOWROOM &#8211; cl 69 #10-02 Bogot\u00e0 Contatto [&hellip;]<\/p>\n","protected":false},"author":2,"featured_media":0,"parent":0,"menu_order":0,"comment_status":"closed","ping_status":"closed","template":"elementor_header_footer","meta":{"footnotes":""},"class_list":["post-5186","page","type-page","status-publish","hentry"],"_links":{"self":[{"href":"https:\/\/md.borrads.com\/it\/wp-json\/wp\/v2\/pages\/5186","targetHints":{"allow":["GET"]}}],"collection":[{"href":"https:\/\/md.borrads.com\/it\/wp-json\/wp\/v2\/pages"}],"about":[{"href":"https:\/\/md.borrads.com\/it\/wp-json\/wp\/v2\/types\/page"}],"author":[{"embeddable":true,"href":"https:\/\/md.borrads.com\/it\/wp-json\/wp\/v2\/users\/2"}],"replies":[{"embeddable":true,"href":"https:\/\/md.borrads.com\/it\/wp-json\/wp\/v2\/comments?post=5186"}],"version-history":[{"count":2,"href":"https:\/\/md.borrads.com\/it\/wp-json\/wp\/v2\/pages\/5186\/revisions"}],"predecessor-version":[{"id":10956,"href":"https:\/\/md.borrads.com\/it\/wp-json\/wp\/v2\/pages\/5186\/revisions\/10956"}],"wp:attachment":[{"href":"https:\/\/md.borrads.com\/it\/wp-json\/wp\/v2\/media?parent=5186"}],"curies":[{"name":"wp","href":"https:\/\/api.w.org\/{rel}","templated":true}]}}