{"id":8113,"date":"2023-10-14T00:04:20","date_gmt":"2023-10-13T22:04:20","guid":{"rendered":"https:\/\/md.borrads.com\/?page_id=8113"},"modified":"2025-09-24T22:58:52","modified_gmt":"2025-09-24T20:58:52","slug":"avviso-legale","status":"publish","type":"page","link":"https:\/\/md.borrads.com\/it\/avviso-legale\/","title":{"rendered":"Avviso legale"},"content":{"rendered":"\t\t<div data-elementor-type=\"wp-page\" data-elementor-id=\"8113\" class=\"elementor elementor-8113 elementor-8110\" data-elementor-post-type=\"page\">\n\t\t\t\t<div class=\"elementor-element elementor-element-872e2cf e-flex e-con-boxed e-con e-parent\" data-id=\"872e2cf\" data-element_type=\"container\" data-e-type=\"container\" data-settings=\"{&quot;background_background&quot;:&quot;classic&quot;,&quot;jet_parallax_layout_list&quot;:[]}\">\n\t\t\t\t\t<div class=\"e-con-inner\">\n\t\t\t\t<div class=\"elementor-element elementor-element-478f3a0 elementor-widget elementor-widget-heading\" data-id=\"478f3a0\" data-element_type=\"widget\" data-e-type=\"widget\" data-widget_type=\"heading.default\">\n\t\t\t\t<div class=\"elementor-widget-container\">\n\t\t\t\t\t<h1 class=\"elementor-heading-title elementor-size-default\">Avviso legale<\/h1>\t\t\t\t<\/div>\n\t\t\t\t<\/div>\n\t\t\t\t\t<\/div>\n\t\t\t\t<\/div>\n\t\t<div class=\"elementor-element elementor-element-4318c5f e-flex e-con-boxed e-con e-parent\" data-id=\"4318c5f\" data-element_type=\"container\" data-e-type=\"container\" data-settings=\"{&quot;background_background&quot;:&quot;classic&quot;,&quot;jet_parallax_layout_list&quot;:[]}\">\n\t\t\t\t\t<div class=\"e-con-inner\">\n\t\t<div class=\"elementor-element elementor-element-1db4d97 e-con-full e-flex e-con e-child\" data-id=\"1db4d97\" data-element_type=\"container\" data-e-type=\"container\" data-settings=\"{&quot;jet_parallax_layout_list&quot;:[],&quot;background_background&quot;:&quot;classic&quot;}\">\n\t\t\t\t<div class=\"elementor-element elementor-element-4ee264e elementor-widget elementor-widget-text-editor\" data-id=\"4ee264e\" data-element_type=\"widget\" data-e-type=\"widget\" data-widget_type=\"text-editor.default\">\n\t\t\t\t<div class=\"elementor-widget-container\">\n\t\t\t\t\t\t\t\t\t<p>Planning Sisplamo, S.L., con NIF\/CIF B60530342, indirizzo Carrer Cam\u00ed De La Font Freda, 17, Nave 4, 08110<\/p>\n<p>&#8211; Montcada I Reixac (Barcellona), non pu\u00f2 assumersi alcuna responsabilit\u00e0 derivante dall&#8217;uso scorretto, inappropriato o illecito delle informazioni che appaiono sulle pagine Internet di planningsisplamo.com, madedesign.es, sbsystem.es<\/p>\n<p>Nei limiti stabiliti dalla legge, planningsisplamo.com, madedesign.es, sbsystem.es non si assume alcuna responsabilit\u00e0 per la mancanza di veridicit\u00e0, completezza, aggiornamento e accuratezza dei dati o delle informazioni contenute nelle proprie pagine Internet.<\/p>\n<p>I contenuti e le informazioni non vincolano planningsisplamo.com, madedesign.es, sbsystem.es n\u00e9 costituiscono opinioni, consigli o consulenze legali di alcun tipo in quanto si tratta di un servizio offerto a puro scopo informativo e divulgativo.<\/p>\n<p>Le pagine Internet di planningsisplamo.com, madedesign.es, sbsystem.es possono contenere link ad altre pagine di terzi che planningsisplamo.com, madedesign.es, sbsystem.es non possono controllare. Pertanto, planningsisplamo.com, madedesign.es, sbsystem.es non possono assumersi la responsabilit\u00e0 dei contenuti che possono apparire sui siti di terzi.<\/p>\n<p>I testi, le immagini, i suoni, le animazioni, il software e gli altri contenuti inclusi in questo sito web sono di propriet\u00e0 esclusiva di planningsisplamo.com, madedesign.es, sbsystem.es o dei loro licenziatari. Qualsiasi atto di trasmissione, distribuzione, trasferimento, riproduzione, archiviazione o comunicazione pubblica, in tutto o in parte, deve avere il consenso esplicito di planningsisplamo.com, madedesign.es, sbsystem.es.<\/p>\n<p>Allo stesso modo, per accedere ad alcuni dei servizi che planningsisplamo.com, madedesign.es, sbsystem.es offre attraverso il sito web \u00e8 necessario fornire alcuni dati personali. In ottemperanza alle disposizioni del Regolamento (UE) 2016\/679 del Parlamento europeo e del Consiglio, del 27 aprile 2016, relativo alla protezione delle persone fisiche con riguardo al trattamento dei dati personali, nonch\u00e9 alla libera circolazione di tali dati, vi informiamo che, compilando questi moduli, i vostri dati personali saranno conservati e trattati negli archivi di Planning Sisplamo, S.L. al fine di fornirvi e offrirvi i nostri servizi e di informarvi sui miglioramenti del sito web. Vi informiamo inoltre della possibilit\u00e0 di esercitare i vostri diritti di accesso, rettifica, cancellazione e opposizione dei vostri dati personali, gratuitamente, via e-mail a comercial@planningsisplamo.com o all&#8217;indirizzo Carrer Cam\u00ed De La Font Freda, 17, Nave 4, 08110 &#8211; Montcada I Reixac (Barcellona).<\/p>\n\t\t\t\t\t\t\t\t<\/div>\n\t\t\t\t<\/div>\n\t\t\t\t<\/div>\n\t\t\t\t\t<\/div>\n\t\t\t\t<\/div>\n\t\t\t\t<\/div>\n\t\t","protected":false},"excerpt":{"rendered":"<p>Planning Sisplamo, S.L., con NIF\/CIF B60530342, indirizzo Carrer Cam\u00ed De La Font Freda, 17, Nave 4, 08110 &#8211; Montcada I Reixac (Barcellona), non pu\u00f2 assumersi alcuna responsabilit\u00e0 derivante dall&#8217;uso scorretto, inappropriato o illecito delle informazioni che appaiono sulle pagine Internet di planningsisplamo.com, madedesign.es, sbsystem.es Nei limiti stabiliti dalla legge, planningsisplamo.com, madedesign.es, sbsystem.es non si assume [&hellip;]<\/p>\n","protected":false},"author":2,"featured_media":0,"parent":0,"menu_order":0,"comment_status":"closed","ping_status":"closed","template":"elementor_header_footer","meta":{"footnotes":""},"class_list":["post-8113","page","type-page","status-publish","hentry"],"_links":{"self":[{"href":"https:\/\/md.borrads.com\/it\/wp-json\/wp\/v2\/pages\/8113","targetHints":{"allow":["GET"]}}],"collection":[{"href":"https:\/\/md.borrads.com\/it\/wp-json\/wp\/v2\/pages"}],"about":[{"href":"https:\/\/md.borrads.com\/it\/wp-json\/wp\/v2\/types\/page"}],"author":[{"embeddable":true,"href":"https:\/\/md.borrads.com\/it\/wp-json\/wp\/v2\/users\/2"}],"replies":[{"embeddable":true,"href":"https:\/\/md.borrads.com\/it\/wp-json\/wp\/v2\/comments?post=8113"}],"version-history":[{"count":1,"href":"https:\/\/md.borrads.com\/it\/wp-json\/wp\/v2\/pages\/8113\/revisions"}],"predecessor-version":[{"id":10936,"href":"https:\/\/md.borrads.com\/it\/wp-json\/wp\/v2\/pages\/8113\/revisions\/10936"}],"wp:attachment":[{"href":"https:\/\/md.borrads.com\/it\/wp-json\/wp\/v2\/media?parent=8113"}],"curies":[{"name":"wp","href":"https:\/\/api.w.org\/{rel}","templated":true}]}}