{"id":8138,"date":"2023-10-14T00:12:24","date_gmt":"2023-10-13T22:12:24","guid":{"rendered":"https:\/\/md.borrads.com\/?page_id=8138"},"modified":"2025-09-24T23:17:01","modified_gmt":"2025-09-24T21:17:01","slug":"download-4","status":"publish","type":"page","link":"https:\/\/md.borrads.com\/it\/download-4\/","title":{"rendered":"Informativa sui cookie"},"content":{"rendered":"\t\t<div data-elementor-type=\"wp-page\" data-elementor-id=\"8138\" class=\"elementor elementor-8138 elementor-8135\" data-elementor-post-type=\"page\">\n\t\t\t\t<div class=\"elementor-element elementor-element-872e2cf e-flex e-con-boxed e-con e-parent\" data-id=\"872e2cf\" data-element_type=\"container\" data-e-type=\"container\" data-settings=\"{&quot;background_background&quot;:&quot;classic&quot;,&quot;jet_parallax_layout_list&quot;:[]}\">\n\t\t\t\t\t<div class=\"e-con-inner\">\n\t\t\t\t<div class=\"elementor-element elementor-element-478f3a0 elementor-widget elementor-widget-heading\" data-id=\"478f3a0\" data-element_type=\"widget\" data-e-type=\"widget\" data-widget_type=\"heading.default\">\n\t\t\t\t<div class=\"elementor-widget-container\">\n\t\t\t\t\t<h1 class=\"elementor-heading-title elementor-size-default\">Informativa sui cookie<\/h1>\t\t\t\t<\/div>\n\t\t\t\t<\/div>\n\t\t\t\t\t<\/div>\n\t\t\t\t<\/div>\n\t\t<div class=\"elementor-element elementor-element-4318c5f e-flex e-con-boxed e-con e-parent\" data-id=\"4318c5f\" data-element_type=\"container\" data-e-type=\"container\" data-settings=\"{&quot;background_background&quot;:&quot;classic&quot;,&quot;jet_parallax_layout_list&quot;:[]}\">\n\t\t\t\t\t<div class=\"e-con-inner\">\n\t\t<div class=\"elementor-element elementor-element-1db4d97 e-con-full e-flex e-con e-child\" data-id=\"1db4d97\" data-element_type=\"container\" data-e-type=\"container\" data-settings=\"{&quot;jet_parallax_layout_list&quot;:[],&quot;background_background&quot;:&quot;classic&quot;}\">\n\t\t\t\t<div class=\"elementor-element elementor-element-4ee264e elementor-widget elementor-widget-text-editor\" data-id=\"4ee264e\" data-element_type=\"widget\" data-e-type=\"widget\" data-widget_type=\"text-editor.default\">\n\t\t\t\t<div class=\"elementor-widget-container\">\n\t\t\t\t\t\t\t\t\t<section id=\"cookies-policy\" class=\"static-pages\" data-nav-item=\"static-4\">\n<div class=\"container position-relative\">\n<div>\n<p>In ottemperanza al dovere di informazione di cui al comma 2 dell&#8217;articolo 22 della Legge 34\/2002, dell&#8217;11 luglio, sui servizi della societ\u00e0 dell&#8217;informazione e del commercio elettronico, la presente politica sui cookie ha lo scopo di informarti in modo chiaro e preciso sui cookie utilizzati nel sito web www.madedesign.es&nbsp;<\/p>\n<h4><b><u>Cosa sono i biscotti?<\/u><\/b><\/h4>\n<p>Un cookie \u00e8 un piccolo file che i siti web inviano al browser e scaricano sul computer dell&#8217;utente. I cookie consentono al sito web di memorizzare e recuperare informazioni sulla visita dell&#8217;utente, come la lingua preferita e altre opzioni, al fine di migliorare i servizi offerti e contribuire a una migliore esperienza di navigazione per l&#8217;utente.<\/p>\n<h4><b><u>Tipi di cookie<\/u><\/b><\/h4>\n<p>A seconda di chi gestisce il dominio da cui vengono inviati i cookie e trattati i dati, si distingue tra cookie di prima parte e cookie di terza parte.<\/p>\n<p>I cookie possono essere classificati anche in base alla durata della loro memorizzazione nel browser dell&#8217;utente, distinguendo tra cookie di sessione e cookie persistenti.<\/p>\n<p>Infine, a seconda della finalit\u00e0 del trattamento delle informazioni raccolte, i cookie possono essere classificati nelle seguenti categorie:<\/p>\n<p>&nbsp; &nbsp;  -Cookie tecnici<b>:<\/b>consentono all&#8217;utente di navigare in un sito web e di utilizzare alcuni dei servizi da esso offerti (come, ad esempio, quelli utilizzati per ricordare gli articoli di un carrello della spesa).<\/p>\n<p>&nbsp; &nbsp;  \u2022 <b>Cookie di personalizzazione:<\/b> consentono all&#8217;utente di accedere al sito web con determinate caratteristiche, come la lingua.<\/p>\n<p>&nbsp; &nbsp;  -Cookie di sicurezza<b>:<\/b>sono utilizzati per prevenire o impedire attacchi al sito web.<\/p>\n<p>&nbsp; &nbsp;  \u2022 <b>Cookie di complemento per lo scambio di contenuti sociali:<\/b> i cosiddetti plug-in, che consentono di condividere contenuti sui social network.<\/p>\n<p>&nbsp; &nbsp;  \u2022 <b>Cookie di analisi:<\/b> consentono al responsabile di monitorare il comportamento dell&#8217;utente.<\/p>\n<p>&nbsp; &nbsp;  \u2022<b>Cookie pubblicitari:<\/b> consentono di gestire gli spazi pubblicitari del sito web.<\/p>\n<p>&nbsp; &nbsp;  \u2022 <b>Cookie di pubblicit\u00e0 comportamentale:<\/b> come i precedenti, servono a gestire gli spazi pubblicitari del sito web in base alle informazioni raccolte sul comportamento dell&#8217;utente e sulle sue abitudini, adattando la pubblicit\u00e0 al profilo dell&#8217;utente.&nbsp;<\/p>\n<p>&nbsp; &nbsp;  \u2022 <b>Cookie di geolocalizzazione:<\/b> utilizzati per scoprire il paese in cui si trova l&#8217;utente<\/p>\n<h4><b><u>Autorizzazione all&#8217;uso dei cookie<\/u><\/b><\/h4>\n<p>In conformit\u00e0 con l&#8217;informativa sui cookie presente sul sito web, l&#8217;utente pu\u00f2 acconsentire espressamente all&#8217;uso di cookie che richiedono il consenso; tuttavia, l&#8217;uso di cookie tecnici o necessari non richiede il consenso. Nonostante quanto sopra, \u00e8 possibile modificare le impostazioni del browser per rifiutare l&#8217;uso dei cookie.<\/p>\n<h4><b><u>Come modificare le impostazioni dei cookie<\/u><\/b><\/h4>\n<p>Puoi limitare, bloccare o cancellare i cookie di MadeDesign o di qualsiasi altra pagina web utilizzando il tuo browser. In ogni browser l&#8217;operazione \u00e8 diversa, potete trovare come fare nel menu di aiuto del vostro browser dove \u00e8 stabilita la procedura di rimozione. Per maggiori informazioni:<\/p>\n<p>&nbsp; &nbsp;  &#8211; Google Chrome:<\/p>\n<p><a href=\"https:\/\/support.google.com\/chrome\/answer\/95647?co=GENIE.Platform%3DDesktop&amp;hl=es\" target=\"_blank\" rel=\"noopener\">https:\/\/support.google.com\/chrome\/answer\/95647?co=GENIE.Platform%3DDesktop&amp;hl=es<\/a><\/p>\n<p>&nbsp; &nbsp;  &#8211; Mozilla Firefox:<\/p>\n<p><a href=\"https:\/\/support.mozilla.org\/es\/kb\/habilitar-y-deshabilitar-cookies-sitios-web-rastrear-preferencias\" target=\"_blank\" rel=\"noopener\">https:\/\/support.mozilla.org\/es\/kb\/habilitar-y-deshabilitar-cookies-sitios-web-rastrear-preferencias<\/a><\/p>\n<p>&nbsp; &nbsp;  &#8211; Safari:<\/p>\n<p><a href=\"https:\/\/support.apple.com\/es-%20es\/guide\/safari\/sfri11471\/mac\" target=\"_blank\" rel=\"noopener\">https:\/\/support.apple.com\/es- it\/guida\/safari\/sfri11471\/mac<\/a><\/p>\n<p>&nbsp; &nbsp;  &#8211; Internet Explorer:<\/p>\n<p><a href=\"https:\/\/support.microsoft.com\/es-es\/help\/278835\/how-to-delete-cookie-files-in-internet-explorer\" target=\"_blank\" rel=\"noopener\">https:\/\/support.microsoft.com\/es-es\/help\/278835\/how-to-delete-cookie-files-in-internet-explorer<\/a><\/p>\n<p>Disabilitando i cookie, \u00e8 possibile che la pagina web non funzioni correttamente o che tu non possa accedere a determinate funzioni della stessa.&nbsp;<\/p>\n<h4><b><u>Modifica delle condizioni<\/u><\/b><\/h4>\n<p>MadeDesign si riserva espressamente il diritto di modificare unilateralmente, in tutto o in parte, senza necessit\u00e0 di preavviso, la presente Politica sui Cookie. L&#8217;utente riconosce e accetta che \u00e8 sua responsabilit\u00e0 prendere visione della presente Informativa sui cookie.<\/p>\n<\/div>\n<\/div>\n<\/section>\n<section id=\"cookies_default_text\">\n<div class=\"container\">\n<div class=\"row\">\n<div class=\"col-12\">\n<h2 class=\"h3\">Quali tipi di cookie utilizza MadeDesign?<\/h2>\n<div class=\"cookie-type\">\n<div class=\"\"><span class=\"text-body\"><b>Rendimento e analisi web<\/b><br>Servizi gestiti da noi o da terzi, ci permettono di quantificare il numero di utenti e quindi di effettuare la misurazione e l&#8217;analisi statistica dell&#8217;utilizzo che gli utenti fanno del servizio offerto. A tal fine, la vostra navigazione sul nostro sito web viene analizzata per migliorare la gamma di prodotti o servizi che vi offriamo.<br><\/span><\/div>\n<details class=\"cookie-list mt-2 pl-4\">\n<summary><small>Elenco completo dei cookie di questo tipo<\/small><\/summary>\n<div class=\"table-responsive\">\n<table class=\"table table-sm mt-2\">\n<thead class=\"thead-light\">\n<tr>\n<th>&nbsp;<\/th>\n<th>&nbsp;<\/th>\n<th>&nbsp;<\/th>\n<th>&nbsp;<\/th>\n<\/tr>\n<\/thead>\n<tbody>\n<tr>\n<td>&nbsp;<\/td>\n<td>&nbsp;<\/td>\n<td>&nbsp;<\/td>\n<td>&nbsp;<\/td>\n<\/tr>\n<tr>\n<td>&nbsp;<\/td>\n<td>&nbsp;<\/td>\n<td>&nbsp;<\/td>\n<td>&nbsp;<\/td>\n<\/tr>\n<tr>\n<td>&nbsp;<\/td>\n<td>&nbsp;<\/td>\n<td>&nbsp;<\/td>\n<td>&nbsp;<\/td>\n<\/tr>\n<tr>\n<td>&nbsp;<\/td>\n<td>&nbsp;<\/td>\n<td>&nbsp;<\/td>\n<td>&nbsp;<\/td>\n<\/tr>\n<tr>\n<td>&nbsp;<\/td>\n<td>&nbsp;<\/td>\n<td>&nbsp;<\/td>\n<td>&nbsp;<\/td>\n<\/tr>\n<tr>\n<td>&nbsp;<\/td>\n<td>&nbsp;<\/td>\n<td>&nbsp;<\/td>\n<td>&nbsp;<\/td>\n<\/tr>\n<\/tbody>\n<\/table>\n<\/div>\n<\/details>\n<hr>\n<\/div>\n<div class=\"cookie-type\">\n<div class=\"\"><span class=\"text-body\"><b>Marketing<\/b><br>Utilizziamo questi dati per raccogliere informazioni sulla navigazione dell&#8217;utente al fine di fornirgli prodotti e annunci che si adattino ai suoi interessi e alle sue esigenze. Possiamo condividere queste informazioni con terze parti, come Facebook o Google, per migliorare la vostra esperienza e per mostrarvi annunci pertinenti su altri siti web e applicazioni di terze parti.<br><\/span><\/div>\n<details class=\"cookie-list mt-2 pl-4\">\n<summary><small>Elenco completo dei cookie di questo tipo<\/small><\/summary>\n<div class=\"table-responsive\">\n<table class=\"table table-sm mt-2\">\n<thead class=\"thead-light\">\n<tr>\n<th>&nbsp;<\/th>\n<th>&nbsp;<\/th>\n<th>&nbsp;<\/th>\n<th>&nbsp;<\/th>\n<\/tr>\n<\/thead>\n<tbody>\n<tr>\n<td>&nbsp;<\/td>\n<td>&nbsp;<\/td>\n<td>&nbsp;<\/td>\n<td>&nbsp;<\/td>\n<\/tr>\n<tr>\n<td>&nbsp;<\/td>\n<td>&nbsp;<\/td>\n<td>&nbsp;<\/td>\n<td>&nbsp;<\/td>\n<\/tr>\n<tr>\n<td>&nbsp;<\/td>\n<td>&nbsp;<\/td>\n<td>&nbsp;<\/td>\n<td>&nbsp;<\/td>\n<\/tr>\n<tr>\n<td>&nbsp;<\/td>\n<td>&nbsp;<\/td>\n<td>&nbsp;<\/td>\n<td>&nbsp;<\/td>\n<\/tr>\n<tr>\n<td>&nbsp;<\/td>\n<td>&nbsp;<\/td>\n<td>&nbsp;<\/td>\n<td>&nbsp;<\/td>\n<\/tr>\n<tr>\n<td>&nbsp;<\/td>\n<td>&nbsp;<\/td>\n<td>&nbsp;<\/td>\n<td>&nbsp;<\/td>\n<\/tr>\n<tr>\n<td>&nbsp;<\/td>\n<td>&nbsp;<\/td>\n<td>&nbsp;<\/td>\n<td>&nbsp;<\/td>\n<\/tr>\n<tr>\n<td>&nbsp;<\/td>\n<td>&nbsp;<\/td>\n<td>&nbsp;<\/td>\n<td>&nbsp;<\/td>\n<\/tr>\n<tr>\n<td>&nbsp;<\/td>\n<td>&nbsp;<\/td>\n<td>&nbsp;<\/td>\n<td>&nbsp;<\/td>\n<\/tr>\n<tr>\n<td>&nbsp;<\/td>\n<td>&nbsp;<\/td>\n<td>&nbsp;<\/td>\n<td>&nbsp;<\/td>\n<\/tr>\n<\/tbody>\n<\/table>\n<\/div>\n<\/details>\n<hr>\n<\/div>\n<div class=\"cookie-type\">\n<div class=\"\"><span class=\"text-body\"><b>Necessari ed essenziali<\/b><br>I dati raccolti in questi cookie e simili sono necessari per poter navigare nel sito web e fornire le funzioni di base come effettuare il processo di acquisto, l&#8217;accesso ad aree private e sicure del sito, la verifica del corretto funzionamento del portale, ecc. Questi cookie saranno sempre abilitati.<br><\/span><\/div>\n<details class=\"cookie-list mt-2 pl-4\">\n<summary><small>Elenco completo dei cookie di questo tipo<\/small><\/summary>\n<div class=\"table-responsive\">\n<table class=\"table table-sm mt-2\">\n<thead class=\"thead-light\">\n<tr>\n<th>&nbsp;<\/th>\n<th>&nbsp;<\/th>\n<th>&nbsp;<\/th>\n<th>&nbsp;<\/th>\n<\/tr>\n<\/thead>\n<tbody>\n<tr>\n<td>&nbsp;<\/td>\n<td>&nbsp;<\/td>\n<td>&nbsp;<\/td>\n<td>&nbsp;<\/td>\n<\/tr>\n<tr>\n<td>&nbsp;<\/td>\n<td>&nbsp;<\/td>\n<td>&nbsp;<\/td>\n<td>&nbsp;<\/td>\n<\/tr>\n<tr>\n<td>&nbsp;<\/td>\n<td>&nbsp;<\/td>\n<td>&nbsp;<\/td>\n<td>&nbsp;<\/td>\n<\/tr>\n<tr>\n<td>&nbsp;<\/td>\n<td>&nbsp;<\/td>\n<td>&nbsp;<\/td>\n<td>&nbsp;<\/td>\n<\/tr>\n<tr>\n<td>&nbsp;<\/td>\n<td>&nbsp;<\/td>\n<td>&nbsp;<\/td>\n<td>&nbsp;<\/td>\n<\/tr>\n<tr>\n<td>&nbsp;<\/td>\n<td>&nbsp;<\/td>\n<td>&nbsp;<\/td>\n<td>&nbsp;<\/td>\n<\/tr>\n<tr>\n<td>&nbsp;<\/td>\n<td>&nbsp;<\/td>\n<td>&nbsp;<\/td>\n<td>&nbsp;<\/td>\n<\/tr>\n<tr>\n<td>&nbsp;<\/td>\n<td>&nbsp;<\/td>\n<td>&nbsp;<\/td>\n<td>&nbsp;<\/td>\n<\/tr>\n<tr>\n<td>&nbsp;<\/td>\n<td>&nbsp;<\/td>\n<td>&nbsp;<\/td>\n<td>&nbsp;<\/td>\n<\/tr>\n<tr>\n<td>&nbsp;<\/td>\n<td>&nbsp;<\/td>\n<td>&nbsp;<\/td>\n<td>&nbsp;<\/td>\n<\/tr>\n<tr>\n<td>&nbsp;<\/td>\n<td>&nbsp;<\/td>\n<td>&nbsp;<\/td>\n<td>&nbsp;<\/td>\n<\/tr>\n<\/tbody>\n<\/table>\n<\/div>\n<\/details>\n<\/div>\n<h2 class=\"h3 mt-4\">Come disattivare i cookie nei principali browser?<\/h2>\n<p>Di solito \u00e8 possibile smettere di accettare i cookie del browser o di accettare i cookie di un particolare servizio. Tutti i browser moderni consentono di modificare le impostazioni dei cookie. Queste impostazioni si trovano solitamente nel menu &#8220;Opzioni&#8221; o &#8220;Preferenze&#8221; del browser.<\/p>\n<ul class=\"mt-3\">\n<li>Internet Explorer: Strumenti -&gt; Opzioni Internet -&gt; Privacy -&gt; Impostazioni.<\/li>\n<li>Firefox: Strumenti -&gt; Opzioni -&gt; Privacy -&gt; Cronologia -&gt; Impostazioni personalizzate.<\/li>\n<li>Chrome: Impostazioni -&gt; Mostra opzioni avanzate -&gt; Privacy -&gt; Impostazioni dei contenuti.<\/li>\n<li>Safari: Preferenze -&gt; Sicurezza.<\/li>\n<\/ul>\n<h2 class=\"h3 mt-4\">Cosa succede se disabilito i cookie?<\/h2>\n<p>Alcune funzionalit\u00e0 dei Servizi saranno disabilitate, come, ad esempio, le opzioni per rimanere connessi, per mantenere gli acquisti nel &#8220;carrello&#8221; in un Servizio di e-commerce e per ricevere informazioni dirette alla propria posizione.<\/p>\n<\/div>\n<\/div>\n<\/div>\n<\/section>\t\t\t\t\t\t\t\t<\/div>\n\t\t\t\t<\/div>\n\t\t\t\t<\/div>\n\t\t\t\t\t<\/div>\n\t\t\t\t<\/div>\n\t\t\t\t<\/div>\n\t\t","protected":false},"excerpt":{"rendered":"<p>In ottemperanza al dovere di informazione di cui al comma 2 dell&#8217;articolo 22 della Legge 34\/2002, dell&#8217;11 luglio, sui servizi della societ\u00e0 dell&#8217;informazione e del commercio elettronico, la presente politica sui cookie ha lo scopo di informarti in modo chiaro e preciso sui cookie utilizzati nel sito web www.madedesign.es&nbsp; Cosa sono i biscotti? Un cookie [&hellip;]<\/p>\n","protected":false},"author":2,"featured_media":0,"parent":0,"menu_order":0,"comment_status":"closed","ping_status":"closed","template":"elementor_header_footer","meta":{"footnotes":""},"class_list":["post-8138","page","type-page","status-publish","hentry"],"_links":{"self":[{"href":"https:\/\/md.borrads.com\/it\/wp-json\/wp\/v2\/pages\/8138","targetHints":{"allow":["GET"]}}],"collection":[{"href":"https:\/\/md.borrads.com\/it\/wp-json\/wp\/v2\/pages"}],"about":[{"href":"https:\/\/md.borrads.com\/it\/wp-json\/wp\/v2\/types\/page"}],"author":[{"embeddable":true,"href":"https:\/\/md.borrads.com\/it\/wp-json\/wp\/v2\/users\/2"}],"replies":[{"embeddable":true,"href":"https:\/\/md.borrads.com\/it\/wp-json\/wp\/v2\/comments?post=8138"}],"version-history":[{"count":3,"href":"https:\/\/md.borrads.com\/it\/wp-json\/wp\/v2\/pages\/8138\/revisions"}],"predecessor-version":[{"id":10965,"href":"https:\/\/md.borrads.com\/it\/wp-json\/wp\/v2\/pages\/8138\/revisions\/10965"}],"wp:attachment":[{"href":"https:\/\/md.borrads.com\/it\/wp-json\/wp\/v2\/media?parent=8138"}],"curies":[{"name":"wp","href":"https:\/\/api.w.org\/{rel}","templated":true}]}}